{"id":7,"date":"2025-12-23T06:46:05","date_gmt":"2025-12-23T06:46:05","guid":{"rendered":"https:\/\/carefresh.at\/?page_id=7"},"modified":"2026-01-26T18:50:26","modified_gmt":"2026-01-26T18:50:26","slug":"home","status":"publish","type":"page","link":"https:\/\/carefresh.at\/de\/","title":{"rendered":"Home"},"content":{"rendered":"<div data-elementor-type=\"wp-page\" data-elementor-id=\"7\" class=\"elementor elementor-7\" data-elementor-post-type=\"page\">\n\t\t\t\t<div class=\"elementor-element elementor-element-04301c4 e-con-full e-flex e-con e-parent\" data-id=\"04301c4\" data-element_type=\"container\" data-settings=\"{&quot;background_background&quot;:&quot;classic&quot;,&quot;shape_divider_top&quot;:&quot;tilt&quot;,&quot;shape_divider_bottom&quot;:&quot;tilt&quot;}\">\n\t\t\t\t<div class=\"elementor-shape elementor-shape-top\" aria-hidden=\"true\" data-negative=\"false\">\n\t\t\t<svg xmlns=\"http:\/\/www.w3.org\/2000\/svg\" viewbox=\"0 0 1000 100\" preserveaspectratio=\"none\">\n\t<path class=\"elementor-shape-fill\" d=\"M0,6V0h1000v100L0,6z\"\/>\n<\/svg>\t\t<\/div>\n\t\t\t\t<div class=\"elementor-shape elementor-shape-bottom\" aria-hidden=\"true\" data-negative=\"false\">\n\t\t\t<svg xmlns=\"http:\/\/www.w3.org\/2000\/svg\" viewbox=\"0 0 1000 100\" preserveaspectratio=\"none\">\n\t<path class=\"elementor-shape-fill\" d=\"M0,6V0h1000v100L0,6z\"\/>\n<\/svg>\t\t<\/div>\n\t\t<div class=\"elementor-element elementor-element-9c5bc43 e-flex e-con-boxed e-con e-child\" data-id=\"9c5bc43\" data-element_type=\"container\">\n\t\t\t\t\t<div class=\"e-con-inner\">\n\t\t\t\t<div class=\"elementor-element elementor-element-c63ff55 elementor-widget elementor-widget-heading\" data-id=\"c63ff55\" data-element_type=\"widget\" data-widget_type=\"heading.default\">\n\t\t\t\t\t<h2 class=\"elementor-heading-title elementor-size-default\">Auto Detailing -<br>Direkt vor Ihrer T\u00fcr!<\/h2>\t\t\t\t<\/div>\n\t\t\t\t<div class=\"elementor-element elementor-element-f77d58e elementor-widget elementor-widget-text-editor\" data-id=\"f77d58e\" data-element_type=\"widget\" data-widget_type=\"text-editor.default\">\n\t\t\t\t\t\t\t\t\t<p>Ihr Auto bekommt die Pflege, die es verdient \u2013 frisch aufgearbeitet und bereit f\u00fcr die n\u00e4chste Fahrt.<\/p>\t\t\t\t\t\t\t\t<\/div>\n\t\t\t\t<div class=\"elementor-element elementor-element-7295d48 elementor-widget elementor-widget-button\" data-id=\"7295d48\" data-element_type=\"widget\" data-widget_type=\"button.default\">\n\t\t\t\t\t\t\t\t\t\t<a class=\"elementor-button elementor-button-link elementor-size-sm\" href=\"\/de\/leistungen\/\">\n\t\t\t\t\t\t<span class=\"elementor-button-content-wrapper\">\n\t\t\t\t\t\t\t\t\t<span class=\"elementor-button-text\">Leistungen<\/span>\n\t\t\t\t\t<\/span>\n\t\t\t\t\t<\/a>\n\t\t\t\t\t\t\t\t<\/div>\n\t\t\t\t\t<\/div>\n\t\t\t\t<\/div>\n\t\t\t\t<\/div>\n\t\t<div class=\"elementor-element elementor-element-d089caf e-flex e-con-boxed e-con e-parent\" data-id=\"d089caf\" data-element_type=\"container\">\n\t\t\t\t\t<div class=\"e-con-inner\">\n\t\t<div class=\"elementor-element elementor-element-51322ed e-con-full e-flex e-con e-child\" data-id=\"51322ed\" data-element_type=\"container\">\n\t\t<div class=\"elementor-element elementor-element-92abc42 e-con-full e-flex e-con e-child\" data-id=\"92abc42\" data-element_type=\"container\" data-settings=\"{&quot;background_background&quot;:&quot;classic&quot;}\">\n\t\t\t\t<div class=\"elementor-element elementor-element-a402e4c elementor-view-default elementor-widget elementor-widget-icon\" data-id=\"a402e4c\" data-element_type=\"widget\" data-widget_type=\"icon.default\">\n\t\t\t\t\t\t\t<div class=\"elementor-icon-wrapper\">\n\t\t\t<div class=\"elementor-icon\">\n\t\t\t<svg xmlns=\"http:\/\/www.w3.org\/2000\/svg\" width=\"800px\" height=\"800px\" viewbox=\"0 0 24 24\" fill=\"none\"><g id=\"SVGRepo_bgCarrier\" stroke-width=\"0\"><\/g><g id=\"SVGRepo_tracerCarrier\" stroke-linecap=\"round\" stroke-linejoin=\"round\"><\/g><g id=\"SVGRepo_iconCarrier\"><path d=\"M10.5026 5.01692L9.96661 3.65785C9.62068 2.78072 8.37933 2.78072 8.03339 3.65784L6.96137 6.37599C6.85576 6.64378 6.64378 6.85575 6.37599 6.96137L3.65785 8.03339C2.78072 8.37932 2.78072 9.62067 3.65784 9.96661L6.37599 11.0386C6.64378 11.1442 6.85575 11.3562 6.96137 11.624L8.03339 14.3422C8.37932 15.2193 9.62067 15.2193 9.96661 14.3422L11.0386 11.624C11.1442 11.3562 11.3562 11.1442 11.624 11.0386L14.3422 9.96661C15.2193 9.62068 15.2193 8.37933 14.3422 8.03339L12.9831 7.49738\" stroke=\"#00FFDE\" stroke-width=\"1.5\" stroke-linecap=\"round\"><\/path><path d=\"M16.4885 13.3481C16.6715 12.884 17.3285 12.884 17.5115 13.3481L18.3121 15.3781C18.368 15.5198 18.4802 15.632 18.6219 15.6879L20.6519 16.4885C21.116 16.6715 21.116 17.3285 20.6519 17.5115L18.6219 18.3121C18.4802 18.368 18.368 18.4802 18.3121 18.6219L17.5115 20.6519C17.3285 21.116 16.6715 21.116 16.4885 20.6519L15.6879 18.6219C15.632 18.4802 15.5198 18.368 15.3781 18.3121L13.3481 17.5115C12.884 17.3285 12.884 16.6715 13.3481 16.4885L15.3781 15.6879C15.5198 15.632 15.632 15.5198 15.6879 15.3781L16.4885 13.3481Z\" stroke=\"#00FFDE\" stroke-width=\"1.5\"><\/path><\/g><\/svg>\t\t\t<\/div>\n\t\t<\/div>\n\t\t\t\t\t\t<\/div>\n\t\t\t\t<div class=\"elementor-element elementor-element-a8ae0d3 elementor-widget elementor-widget-heading\" data-id=\"a8ae0d3\" data-element_type=\"widget\" data-widget_type=\"heading.default\">\n\t\t\t\t\t<h2 class=\"elementor-heading-title elementor-size-default\">Hand-Finish-Detailing <\/h2>\t\t\t\t<\/div>\n\t\t\t\t<div class=\"elementor-element elementor-element-48f2d48 elementor-widget-mobile__width-inherit elementor-widget elementor-widget-text-editor\" data-id=\"48f2d48\" data-element_type=\"widget\" data-widget_type=\"text-editor.default\">\n\t\t\t\t\t\t\t\t\t<p>Sorgf\u00e4ltiges, gr\u00fcndliches Feinarbeit von Hand mit hochwertigen Produkten, um jede Oberfl\u00e4che Ihres Autos zu sch\u00fctzen und aufzufrischen.<\/p>\t\t\t\t\t\t\t\t<\/div>\n\t\t\t\t<\/div>\n\t\t<div class=\"elementor-element elementor-element-a059dc8 e-con-full e-flex e-con e-child\" data-id=\"a059dc8\" data-element_type=\"container\" data-settings=\"{&quot;background_background&quot;:&quot;classic&quot;}\">\n\t\t\t\t<div class=\"elementor-element elementor-element-be7a94a elementor-view-default elementor-widget elementor-widget-icon\" data-id=\"be7a94a\" data-element_type=\"widget\" data-widget_type=\"icon.default\">\n\t\t\t\t\t\t\t<div class=\"elementor-icon-wrapper\">\n\t\t\t<div class=\"elementor-icon\">\n\t\t\t<svg xmlns=\"http:\/\/www.w3.org\/2000\/svg\" width=\"800px\" height=\"800px\" viewbox=\"0 0 24 24\" fill=\"none\"><g id=\"SVGRepo_bgCarrier\" stroke-width=\"0\"><\/g><g id=\"SVGRepo_tracerCarrier\" stroke-linecap=\"round\" stroke-linejoin=\"round\"><\/g><g id=\"SVGRepo_iconCarrier\"><path d=\"M2 22H22\" stroke=\"#00FFDE\" stroke-width=\"1.5\" stroke-miterlimit=\"10\" stroke-linecap=\"round\" stroke-linejoin=\"round\"><\/path><path d=\"M2.94995 22L2.99995 9.96999C2.99995 9.35999 3.28995 8.78004 3.76995 8.40004L10.77 2.95003C11.49 2.39003 12.4999 2.39003 13.2299 2.95003L20.23 8.39003C20.72 8.77003 21 9.34999 21 9.96999V22\" stroke=\"#00FFDE\" stroke-width=\"1.5\" stroke-miterlimit=\"10\" stroke-linejoin=\"round\"><\/path><path d=\"M13 17H11C10.17 17 9.5 17.67 9.5 18.5V22H14.5V18.5C14.5 17.67 13.83 17 13 17Z\" stroke=\"#00FFDE\" stroke-width=\"1.5\" stroke-miterlimit=\"10\" stroke-linejoin=\"round\"><\/path><path d=\"M9.5 13.75H7.5C6.95 13.75 6.5 13.3 6.5 12.75V11.25C6.5 10.7 6.95 10.25 7.5 10.25H9.5C10.05 10.25 10.5 10.7 10.5 11.25V12.75C10.5 13.3 10.05 13.75 9.5 13.75Z\" stroke=\"#00FFDE\" stroke-width=\"1.5\" stroke-miterlimit=\"10\" stroke-linejoin=\"round\"><\/path><path d=\"M16.5 13.75H14.5C13.95 13.75 13.5 13.3 13.5 12.75V11.25C13.5 10.7 13.95 10.25 14.5 10.25H16.5C17.05 10.25 17.5 10.7 17.5 11.25V12.75C17.5 13.3 17.05 13.75 16.5 13.75Z\" stroke=\"#00FFDE\" stroke-width=\"1.5\" stroke-miterlimit=\"10\" stroke-linejoin=\"round\"><\/path><path d=\"M19.0001 7L18.9701 4H14.5701\" stroke=\"#00FFDE\" stroke-width=\"1.5\" stroke-miterlimit=\"10\" stroke-linecap=\"round\" stroke-linejoin=\"round\"><\/path><\/g><\/svg>\t\t\t<\/div>\n\t\t<\/div>\n\t\t\t\t\t\t<\/div>\n\t\t\t\t<div class=\"elementor-element elementor-element-47874cb elementor-widget elementor-widget-heading\" data-id=\"47874cb\" data-element_type=\"widget\" data-widget_type=\"heading.default\">\n\t\t\t\t\t<h2 class=\"elementor-heading-title elementor-size-default\">Ich komme zu Ihnen<\/h2>\t\t\t\t<\/div>\n\t\t\t\t<div class=\"elementor-element elementor-element-cd18126 elementor-widget-mobile__width-inherit elementor-widget elementor-widget-text-editor\" data-id=\"cd18126\" data-element_type=\"widget\" data-widget_type=\"text-editor.default\">\n\t\t\t\t\t\t\t\t\t<p>Kein Fahren, kein Warten, kein Stress. Ich komme zu Ihnen nach Hause und k\u00fcmmere mich vor Ort um alles.<\/p>\t\t\t\t\t\t\t\t<\/div>\n\t\t\t\t<\/div>\n\t\t<div class=\"elementor-element elementor-element-2a55cd4 e-con-full e-flex e-con e-child\" data-id=\"2a55cd4\" data-element_type=\"container\" data-settings=\"{&quot;background_background&quot;:&quot;classic&quot;}\">\n\t\t\t\t<div class=\"elementor-element elementor-element-cd03145 elementor-view-default elementor-widget elementor-widget-icon\" data-id=\"cd03145\" data-element_type=\"widget\" data-widget_type=\"icon.default\">\n\t\t\t\t\t\t\t<div class=\"elementor-icon-wrapper\">\n\t\t\t<div class=\"elementor-icon\">\n\t\t\t<svg xmlns=\"http:\/\/www.w3.org\/2000\/svg\" width=\"800px\" height=\"800px\" viewbox=\"0 0 24 24\" fill=\"none\"><g id=\"SVGRepo_bgCarrier\" stroke-width=\"0\"><\/g><g id=\"SVGRepo_tracerCarrier\" stroke-linecap=\"round\" stroke-linejoin=\"round\"><\/g><g id=\"SVGRepo_iconCarrier\"><path d=\"M12 7V12L14.5 10.5M21 12C21 16.9706 16.9706 21 12 21C7.02944 21 3 16.9706 3 12C3 7.02944 7.02944 3 12 3C16.9706 3 21 7.02944 21 12Z\" stroke=\"#00FFDE\" stroke-width=\"2\" stroke-linecap=\"round\" stroke-linejoin=\"round\"><\/path><\/g><\/svg>\t\t\t<\/div>\n\t\t<\/div>\n\t\t\t\t\t\t<\/div>\n\t\t\t\t<div class=\"elementor-element elementor-element-5c94c57 elementor-widget elementor-widget-heading\" data-id=\"5c94c57\" data-element_type=\"widget\" data-widget_type=\"heading.default\">\n\t\t\t\t\t<h2 class=\"elementor-heading-title elementor-size-default\">Keine Unterbrechung<\/h2>\t\t\t\t<\/div>\n\t\t\t\t<div class=\"elementor-element elementor-element-5217698 elementor-widget-mobile__width-inherit elementor-widget elementor-widget-text-editor\" data-id=\"5217698\" data-element_type=\"widget\" data-widget_type=\"text-editor.default\">\n\t\t\t\t\t\t\t\t\t<p>Ihr Auto wird aufbereitet, w\u00e4hrend Sie arbeiten, entspannen oder Zeit mit der Familie verbringen \u2013 ohne Unterbrechung Ihres Tages.<\/p>\t\t\t\t\t\t\t\t<\/div>\n\t\t\t\t<\/div>\n\t\t\t\t<\/div>\n\t\t\t\t\t<\/div>\n\t\t\t\t<\/div>\n\t\t<div class=\"elementor-element elementor-element-e08a2e0 e-con-full e-flex e-con e-parent\" data-id=\"e08a2e0\" data-element_type=\"container\" data-settings=\"{&quot;shape_divider_top&quot;:&quot;tilt&quot;}\">\n\t\t\t\t<div class=\"elementor-shape elementor-shape-top\" aria-hidden=\"true\" data-negative=\"false\">\n\t\t\t<svg xmlns=\"http:\/\/www.w3.org\/2000\/svg\" viewbox=\"0 0 1000 100\" preserveaspectratio=\"none\">\n\t<path class=\"elementor-shape-fill\" d=\"M0,6V0h1000v100L0,6z\"\/>\n<\/svg>\t\t<\/div>\n\t\t<div class=\"elementor-element elementor-element-6121519 e-con-full e-flex e-con e-child\" data-id=\"6121519\" data-element_type=\"container\" data-settings=\"{&quot;background_background&quot;:&quot;classic&quot;,&quot;shape_divider_top&quot;:&quot;tilt&quot;}\">\n\t\t\t\t<div class=\"elementor-shape elementor-shape-top\" aria-hidden=\"true\" data-negative=\"false\">\n\t\t\t<svg xmlns=\"http:\/\/www.w3.org\/2000\/svg\" viewbox=\"0 0 1000 100\" preserveaspectratio=\"none\">\n\t<path class=\"elementor-shape-fill\" d=\"M0,6V0h1000v100L0,6z\"\/>\n<\/svg>\t\t<\/div>\n\t\t\t\t<\/div>\n\t\t<div class=\"elementor-element elementor-element-4f54885 e-con-full e-flex e-con e-child\" data-id=\"4f54885\" data-element_type=\"container\" data-settings=\"{&quot;background_background&quot;:&quot;classic&quot;,&quot;shape_divider_top&quot;:&quot;tilt&quot;}\">\n\t\t\t\t<div class=\"elementor-shape elementor-shape-top\" aria-hidden=\"true\" data-negative=\"false\">\n\t\t\t<svg xmlns=\"http:\/\/www.w3.org\/2000\/svg\" viewbox=\"0 0 1000 100\" preserveaspectratio=\"none\">\n\t<path class=\"elementor-shape-fill\" d=\"M0,6V0h1000v100L0,6z\"\/>\n<\/svg>\t\t<\/div>\n\t\t\t\t<div class=\"elementor-element elementor-element-c5e521a elementor--h-position-center elementor--v-position-middle elementor-arrows-position-inside elementor-pagination-position-inside elementor-widget elementor-widget-slides\" data-id=\"c5e521a\" data-element_type=\"widget\" data-settings=\"{&quot;navigation&quot;:&quot;both&quot;,&quot;autoplay&quot;:&quot;yes&quot;,&quot;pause_on_hover&quot;:&quot;yes&quot;,&quot;pause_on_interaction&quot;:&quot;yes&quot;,&quot;autoplay_speed&quot;:5000,&quot;infinite&quot;:&quot;yes&quot;,&quot;transition&quot;:&quot;slide&quot;,&quot;transition_speed&quot;:500}\" data-widget_type=\"slides.default\">\n\t\t\t\t\t\t\t\t\t\t<div class=\"elementor-slides-wrapper elementor-main-swiper swiper\" role=\"region\" aria-roledescription=\"carousel\" aria-label=\"Leistungen\" dir=\"ltr\" data-animation=\"fadeInUp\">\n\t\t\t\t<div class=\"swiper-wrapper elementor-slides\">\n\t\t\t\t\t\t\t\t\t\t<div class=\"elementor-repeater-item-10cf4f4 swiper-slide\" role=\"group\" aria-roledescription=\"slide\"><div class=\"swiper-slide-bg\" role=\"img\" aria-label=\"pexels-mikebirdy-1104768\"><\/div><div class=\"elementor-background-overlay\"><\/div><a class=\"swiper-slide-inner\" href=\"\/de\/leistungen\/\"><div class=\"swiper-slide-contents\"><div class=\"elementor-slide-heading\">Innenraum<\/div><div class=\"elementor-slide-description\">Gr\u00fcndliche Reinigung von Sitzen, Teppichen und allen Innenfl\u00e4chen, bei der Staub und allt\u00e4gliche Verschmutzungen sorgf\u00e4ltig entfernt werden, sodass der Innenraum frisch und angenehm bleibt.<\/div><div  class=\"elementor-button elementor-slide-button elementor-size-sm\">Leistungen<\/div><\/div><\/a><\/div><div class=\"elementor-repeater-item-1ca79d6 swiper-slide\" role=\"group\" aria-roledescription=\"slide\"><div class=\"swiper-slide-bg\" role=\"img\" aria-label=\"eyosias-g-LNmtZmd1QWI-unsplash\"><\/div><div class=\"elementor-background-overlay\"><\/div><a class=\"swiper-slide-inner\" href=\"\/de\/leistungen\/\"><div class=\"swiper-slide-contents\"><div class=\"elementor-slide-heading\">Au\u00dfen<\/div><div class=\"elementor-slide-description\">Schonende Handw\u00e4sche von Karosserie, R\u00e4dern und Reifen, die effektiv reinigt und gleichzeitig den Lack sch\u00fctzt.<\/div><div  class=\"elementor-button elementor-slide-button elementor-size-sm\">Leistungen<\/div><\/div><\/a><\/div><div class=\"elementor-repeater-item-b682f14 swiper-slide\" role=\"group\" aria-roledescription=\"slide\"><div class=\"swiper-slide-bg\" role=\"img\" aria-label=\"yuriy-bogdanov-dnRfgaxfHj0-unsplash\"><\/div><div class=\"elementor-background-overlay\"><\/div><a class=\"swiper-slide-inner\" href=\"\/de\/leistungen\/\"><div class=\"swiper-slide-contents\"><div class=\"elementor-slide-heading\">Politur<\/div><div class=\"elementor-slide-description\">Der Lack wird sorgf\u00e4ltig aufgefrischt, um den Glanz zu erh\u00f6hen und leichte Gebrauchsspuren zu reduzieren \u2013 f\u00fcr ein sauberes und gepflegtes Aussehen.<\/div><div  class=\"elementor-button elementor-slide-button elementor-size-sm\">Leistungen<\/div><\/div><\/a><\/div>\t\t\t\t<\/div>\n\t\t\t\t\t\t\t\t\t\t\t\t\t\t\t<div class=\"elementor-swiper-button elementor-swiper-button-prev\" role=\"button\" tabindex=\"0\" aria-label=\"Previous slide\">\n\t\t\t\t\t\t\t<svg aria-hidden=\"true\" class=\"e-font-icon-svg e-eicon-chevron-left\" viewbox=\"0 0 1000 1000\" xmlns=\"http:\/\/www.w3.org\/2000\/svg\"><path d=\"M646 125C629 125 613 133 604 142L308 442C296 454 292 471 292 487 292 504 296 521 308 533L604 854C617 867 629 875 646 875 663 875 679 871 692 858 704 846 713 829 713 812 713 796 708 779 692 767L438 487 692 225C700 217 708 204 708 187 708 171 704 154 692 142 675 129 663 125 646 125Z\"><\/path><\/svg>\t\t\t\t\t\t<\/div>\n\t\t\t\t\t\t<div class=\"elementor-swiper-button elementor-swiper-button-next\" role=\"button\" tabindex=\"0\" aria-label=\"Next slide\">\n\t\t\t\t\t\t\t<svg aria-hidden=\"true\" class=\"e-font-icon-svg e-eicon-chevron-right\" viewbox=\"0 0 1000 1000\" xmlns=\"http:\/\/www.w3.org\/2000\/svg\"><path d=\"M696 533C708 521 713 504 713 487 713 471 708 454 696 446L400 146C388 133 375 125 354 125 338 125 325 129 313 142 300 154 292 171 292 187 292 204 296 221 308 233L563 492 304 771C292 783 288 800 288 817 288 833 296 850 308 863 321 871 338 875 354 875 371 875 388 867 400 854L696 533Z\"><\/path><\/svg>\t\t\t\t\t\t<\/div>\n\t\t\t\t\t\t\t\t\t\t\t\t\t\t\t\t<div class=\"swiper-pagination\"><\/div>\n\t\t\t\t\t\t\t\t\t\t\t\t<\/div>\n\t\t\t\t\t\t\t\t<\/div>\n\t\t\t\t<\/div>\n\t\t<div class=\"elementor-element elementor-element-55046c7 e-con-full e-flex e-con e-child\" data-id=\"55046c7\" data-element_type=\"container\" data-settings=\"{&quot;background_background&quot;:&quot;classic&quot;,&quot;shape_divider_bottom&quot;:&quot;tilt&quot;}\">\n\t\t\t\t<div class=\"elementor-shape elementor-shape-bottom\" aria-hidden=\"true\" data-negative=\"false\">\n\t\t\t<svg xmlns=\"http:\/\/www.w3.org\/2000\/svg\" viewbox=\"0 0 1000 100\" preserveaspectratio=\"none\">\n\t<path class=\"elementor-shape-fill\" d=\"M0,6V0h1000v100L0,6z\"\/>\n<\/svg>\t\t<\/div>\n\t\t\t\t<\/div>\n\t\t\t\t<\/div>\n\t\t<div class=\"elementor-element elementor-element-8fbebd5 e-flex e-con-boxed e-con e-parent\" data-id=\"8fbebd5\" data-element_type=\"container\">\n\t\t\t\t\t<div class=\"e-con-inner\">\n\t\t<div class=\"elementor-element elementor-element-ea72817 e-con-full e-flex e-con e-child\" data-id=\"ea72817\" data-element_type=\"container\">\n\t\t\t\t<div class=\"elementor-element elementor-element-234cb97 elementor-hidden-mobile elementor-widget elementor-widget-image\" data-id=\"234cb97\" data-element_type=\"widget\" data-widget_type=\"image.default\">\n\t\t\t\t\t\t\t\t\t\t\t\t\t\t\t<img fetchpriority=\"high\" decoding=\"async\" width=\"768\" height=\"1024\" src=\"https:\/\/carefresh.at\/wp-content\/uploads\/2026\/01\/WhatsApp-Image-2025-05-16-at-11.53.58_2a934d42-1-768x1024.jpg\" class=\"attachment-large size-large wp-image-333\" alt=\"\" srcset=\"https:\/\/carefresh.at\/wp-content\/uploads\/2026\/01\/WhatsApp-Image-2025-05-16-at-11.53.58_2a934d42-1-768x1024.jpg 768w, https:\/\/carefresh.at\/wp-content\/uploads\/2026\/01\/WhatsApp-Image-2025-05-16-at-11.53.58_2a934d42-1-225x300.jpg 225w, https:\/\/carefresh.at\/wp-content\/uploads\/2026\/01\/WhatsApp-Image-2025-05-16-at-11.53.58_2a934d42-1-1152x1536.jpg 1152w, https:\/\/carefresh.at\/wp-content\/uploads\/2026\/01\/WhatsApp-Image-2025-05-16-at-11.53.58_2a934d42-1-1536x2048.jpg 1536w, https:\/\/carefresh.at\/wp-content\/uploads\/2026\/01\/WhatsApp-Image-2025-05-16-at-11.53.58_2a934d42-1-scaled.jpg 1920w\" sizes=\"(max-width: 768px) 100vw, 768px\" \/>\t\t\t\t\t\t\t\t\t\t\t\t\t\t\t<\/div>\n\t\t<div class=\"elementor-element elementor-element-988c7f4 e-con-full e-flex e-con e-child\" data-id=\"988c7f4\" data-element_type=\"container\">\n\t\t\t\t<div class=\"elementor-element elementor-element-d8ed98d elementor-widget elementor-widget-heading\" data-id=\"d8ed98d\" data-element_type=\"widget\" data-widget_type=\"heading.default\">\n\t\t\t\t\t<h2 class=\"elementor-heading-title elementor-size-default\">\u00dcber mich<\/h2>\t\t\t\t<\/div>\n\t\t\t\t<div class=\"elementor-element elementor-element-9aa5825 elementor-widget elementor-widget-text-editor\" data-id=\"9aa5825\" data-element_type=\"widget\" data-widget_type=\"text-editor.default\">\n\t\t\t\t\t\t\t\t\t<p>Schon in jungen Jahren half ich dabei, das Auto meines Vaters bei jedem Besuch in der Waschanlage zu reinigen. \u00dcber die Jahre entwickelte sich daraus eine gro\u00dfe Leidenschaft, Fahrzeuge nach jeder W\u00e4sche in Bestform zu bringen. Heute arbeite ich professionell im Bereich Car Detailing und verbessere meine F\u00e4higkeiten kontinuierlich, um Ergebnisse zu liefern, die Kunden begeistern und ihren Fahrzeugen wieder ein Neuwagengef\u00fchl verleihen.<\/p>\t\t\t\t\t\t\t\t<\/div>\n\t\t\t\t<div class=\"elementor-element elementor-element-916159d elementor-mobile-align-center elementor-widget elementor-widget-button\" data-id=\"916159d\" data-element_type=\"widget\" data-widget_type=\"button.default\">\n\t\t\t\t\t\t\t\t\t\t<a class=\"elementor-button elementor-button-link elementor-size-sm\" href=\"\/de\/uber-mich\/\">\n\t\t\t\t\t\t<span class=\"elementor-button-content-wrapper\">\n\t\t\t\t\t\t\t\t\t<span class=\"elementor-button-text\">\u00dcber mich<\/span>\n\t\t\t\t\t<\/span>\n\t\t\t\t\t<\/a>\n\t\t\t\t\t\t\t\t<\/div>\n\t\t\t\t<\/div>\n\t\t\t\t<\/div>\n\t\t\t\t\t<\/div>\n\t\t\t\t<\/div>\n\t\t<div class=\"elementor-element elementor-element-39ea7ae e-flex e-con-boxed e-con e-parent\" data-id=\"39ea7ae\" data-element_type=\"container\" data-settings=\"{&quot;background_background&quot;:&quot;classic&quot;}\">\n\t\t\t\t\t<div class=\"e-con-inner\">\n\t\t\t\t<div class=\"elementor-element elementor-element-b652a25 elementor-widget elementor-widget-heading\" data-id=\"b652a25\" data-element_type=\"widget\" data-widget_type=\"heading.default\">\n\t\t\t\t\t<h2 class=\"elementor-heading-title elementor-size-default\">Haben Sie Fragen? <br>\nMelden Sie sich gerne.<\/h2>\t\t\t\t<\/div>\n\t\t\t\t<div class=\"elementor-element elementor-element-658de48 elementor-widget elementor-widget-button\" data-id=\"658de48\" data-element_type=\"widget\" data-widget_type=\"button.default\">\n\t\t\t\t\t\t\t\t\t\t<a class=\"elementor-button elementor-button-link elementor-size-sm\" href=\"\/de\/kontakt\/\">\n\t\t\t\t\t\t<span class=\"elementor-button-content-wrapper\">\n\t\t\t\t\t\t\t\t\t<span class=\"elementor-button-text\">Kontakt<\/span>\n\t\t\t\t\t<\/span>\n\t\t\t\t\t<\/a>\n\t\t\t\t\t\t\t\t<\/div>\n\t\t\t\t\t<\/div>\n\t\t\t\t<\/div>\n\t\t\t\t<\/div>","protected":false},"excerpt":{"rendered":"<p>Car Detailing &#8211;Right at your door! Your car gets the care it deserves, leaving it refreshed and ready for the road ahead. Services Hand-finished detailing Careful, thorough, hand-finished detailing using quality products to protect and refresh every surface of your car. I come to you No driving, no waiting, no stress. I arrive at your [&hellip;]<\/p>","protected":false},"author":1,"featured_media":0,"parent":0,"menu_order":0,"comment_status":"closed","ping_status":"closed","template":"","meta":{"footnotes":""},"class_list":["post-7","page","type-page","status-publish","hentry"],"_links":{"self":[{"href":"https:\/\/carefresh.at\/de\/wp-json\/wp\/v2\/pages\/7","targetHints":{"allow":["GET"]}}],"collection":[{"href":"https:\/\/carefresh.at\/de\/wp-json\/wp\/v2\/pages"}],"about":[{"href":"https:\/\/carefresh.at\/de\/wp-json\/wp\/v2\/types\/page"}],"author":[{"embeddable":true,"href":"https:\/\/carefresh.at\/de\/wp-json\/wp\/v2\/users\/1"}],"replies":[{"embeddable":true,"href":"https:\/\/carefresh.at\/de\/wp-json\/wp\/v2\/comments?post=7"}],"version-history":[{"count":271,"href":"https:\/\/carefresh.at\/de\/wp-json\/wp\/v2\/pages\/7\/revisions"}],"predecessor-version":[{"id":915,"href":"https:\/\/carefresh.at\/de\/wp-json\/wp\/v2\/pages\/7\/revisions\/915"}],"wp:attachment":[{"href":"https:\/\/carefresh.at\/de\/wp-json\/wp\/v2\/media?parent=7"}],"curies":[{"name":"wp","href":"https:\/\/api.w.org\/{rel}","templated":true}]}}