{"id":370,"date":"2026-01-11T20:44:50","date_gmt":"2026-01-11T20:44:50","guid":{"rendered":"https:\/\/carefresh.at\/?page_id=370"},"modified":"2026-01-25T12:50:50","modified_gmt":"2026-01-25T12:50:50","slug":"leistungen","status":"publish","type":"page","link":"https:\/\/carefresh.at\/de\/leistungen\/","title":{"rendered":"Leistungen"},"content":{"rendered":"<div data-elementor-type=\"wp-page\" data-elementor-id=\"370\" class=\"elementor elementor-370\" data-elementor-post-type=\"page\">\n\t\t\t\t<div class=\"elementor-element elementor-element-04301c4 e-con-full e-flex e-con e-parent\" data-id=\"04301c4\" data-element_type=\"container\" data-settings=\"{&quot;background_background&quot;:&quot;classic&quot;,&quot;shape_divider_top&quot;:&quot;tilt&quot;,&quot;shape_divider_bottom&quot;:&quot;tilt&quot;}\">\n\t\t\t\t<div class=\"elementor-shape elementor-shape-top\" aria-hidden=\"true\" data-negative=\"false\">\n\t\t\t<svg xmlns=\"http:\/\/www.w3.org\/2000\/svg\" viewbox=\"0 0 1000 100\" preserveaspectratio=\"none\">\n\t<path class=\"elementor-shape-fill\" d=\"M0,6V0h1000v100L0,6z\"\/>\n<\/svg>\t\t<\/div>\n\t\t\t\t<div class=\"elementor-shape elementor-shape-bottom\" aria-hidden=\"true\" data-negative=\"false\">\n\t\t\t<svg xmlns=\"http:\/\/www.w3.org\/2000\/svg\" viewbox=\"0 0 1000 100\" preserveaspectratio=\"none\">\n\t<path class=\"elementor-shape-fill\" d=\"M0,6V0h1000v100L0,6z\"\/>\n<\/svg>\t\t<\/div>\n\t\t<div class=\"elementor-element elementor-element-9c5bc43 e-flex e-con-boxed e-con e-child\" data-id=\"9c5bc43\" data-element_type=\"container\">\n\t\t\t\t\t<div class=\"e-con-inner\">\n\t\t\t\t<div class=\"elementor-element elementor-element-c63ff55 elementor-widget elementor-widget-heading\" data-id=\"c63ff55\" data-element_type=\"widget\" data-widget_type=\"heading.default\">\n\t\t\t\t\t<h2 class=\"elementor-heading-title elementor-size-default\">Leistungen<\/h2>\t\t\t\t<\/div>\n\t\t\t\t<div class=\"elementor-element elementor-element-7295d48 elementor-widget elementor-widget-button\" data-id=\"7295d48\" data-element_type=\"widget\" data-widget_type=\"button.default\">\n\t\t\t\t\t\t\t\t\t\t<a class=\"elementor-button elementor-button-link elementor-size-sm\" href=\"\/de\/preise\/\">\n\t\t\t\t\t\t<span class=\"elementor-button-content-wrapper\">\n\t\t\t\t\t\t\t\t\t<span class=\"elementor-button-text\">Preise<\/span>\n\t\t\t\t\t<\/span>\n\t\t\t\t\t<\/a>\n\t\t\t\t\t\t\t\t<\/div>\n\t\t\t\t\t<\/div>\n\t\t\t\t<\/div>\n\t\t\t\t<\/div>\n\t\t<div class=\"elementor-element elementor-element-776675a e-flex e-con-boxed e-con e-parent\" data-id=\"776675a\" data-element_type=\"container\">\n\t\t\t\t\t<div class=\"e-con-inner\">\n\t\t<div class=\"elementor-element elementor-element-49ce0a4 e-con-full e-flex e-con e-child\" data-id=\"49ce0a4\" data-element_type=\"container\">\n\t\t\t\t<div class=\"elementor-element elementor-element-9da34f4 elementor-widget elementor-widget-heading\" data-id=\"9da34f4\" data-element_type=\"widget\" data-widget_type=\"heading.default\">\n\t\t\t\t\t<h2 class=\"elementor-heading-title elementor-size-default\">Au\u00dfen<\/h2>\t\t\t\t<\/div>\n\t\t\t\t<div class=\"elementor-element elementor-element-1f692b2 elementor-widget elementor-widget-text-editor\" data-id=\"1f692b2\" data-element_type=\"widget\" data-widget_type=\"text-editor.default\">\n\t\t\t\t\t\t\t\t\t<p>Professionelle Handw\u00e4sche, die Schmutz, Stra\u00dfenschmutz und Salz schonend entfernt und dabei Lack, Felgen und Zierleisten sch\u00fctzt \u2013 f\u00fcr ein sauberes, gl\u00e4nzendes Finish.<\/p>\t\t\t\t\t\t\t\t<\/div>\n\t\t<div class=\"elementor-element elementor-element-4345d30 e-con-full e-flex e-con e-child\" data-id=\"4345d30\" data-element_type=\"container\">\n\t\t<div class=\"elementor-element elementor-element-3c2f342 e-con-full e-flex e-con e-child\" data-id=\"3c2f342\" data-element_type=\"container\" data-settings=\"{&quot;background_background&quot;:&quot;classic&quot;}\">\n\t\t\t\t<div class=\"elementor-element elementor-element-43e4d9e elementor-widget-mobile__width-inherit elementor-widget elementor-widget-heading\" data-id=\"43e4d9e\" data-element_type=\"widget\" data-widget_type=\"heading.default\">\n\t\t\t\t\t<h2 class=\"elementor-heading-title elementor-size-default\">Was ist enthalten<\/h2>\t\t\t\t<\/div>\n\t\t\t\t<div class=\"elementor-element elementor-element-59cf7a4 elementor-widget-mobile__width-inherit elementor-widget elementor-widget-text-editor\" data-id=\"59cf7a4\" data-element_type=\"widget\" data-widget_type=\"text-editor.default\">\n\t\t\t\t\t\t\t\t\t<ul><li>Vorab-Check &amp; Vorbereitung: kurzer Rundgang f\u00fcr starken Schmutz, Teer, Insekten, empfindliche Bereiche und vorhandene Kratzer<\/li><li>Vorweichen \/ Snow Foam: l\u00f6st Stra\u00dfenfilm, um Reiben und Wirbelspuren zu reduzieren<\/li><li>Schonendes Absp\u00fclen (Vorsp\u00fclen): entfernt losen Staub und Schmutzpartikel, bevor der Lack ber\u00fchrt wird<\/li><li>Zwei-Eimer Handw\u00e4sche: pH-neutrales Shampoo + separater Sp\u00fcleimer mit Grit Guard, damit Schmutz vom Lack fernbleibt<\/li><li>Weiche Wasch-Tools: premium Mikrofaser-Waschhandschuhe und spezielle B\u00fcrsten f\u00fcr Embleme, N\u00e4hte und enge Bereiche<\/li><li>Absp\u00fclen: gr\u00fcndliches Sp\u00fclen, um Shampoo und R\u00fcckst\u00e4nde vollst\u00e4ndig zu entfernen<\/li><li>Wachs: extra Glanz und abschlie\u00dfendes Sp\u00fclen danach<\/li><li>Trocknen: Mikrofaser-Trockent\u00fccher<\/li><li>Reifen: gepflegt f\u00fcr einen sauberen, satinierten Glanz<\/li><\/ul>\t\t\t\t\t\t\t\t<\/div>\n\t\t\t\t<\/div>\n\t\t<div class=\"elementor-element elementor-element-e8afdb3 e-con-full e-flex e-con e-child\" data-id=\"e8afdb3\" data-element_type=\"container\" data-settings=\"{&quot;background_background&quot;:&quot;classic&quot;}\">\n\t\t\t\t<div class=\"elementor-element elementor-element-573cbf5 elementor-widget elementor-widget-image\" data-id=\"573cbf5\" data-element_type=\"widget\" data-widget_type=\"image.default\">\n\t\t\t\t\t\t\t\t\t\t\t\t\t\t\t<img fetchpriority=\"high\" decoding=\"async\" width=\"500\" height=\"500\" src=\"https:\/\/carefresh.at\/wp-content\/uploads\/2026\/01\/BADGE.png\" class=\"attachment-large size-large wp-image-416\" alt=\"\" srcset=\"https:\/\/carefresh.at\/wp-content\/uploads\/2026\/01\/BADGE.png 500w, https:\/\/carefresh.at\/wp-content\/uploads\/2026\/01\/BADGE-300x300.png 300w, https:\/\/carefresh.at\/wp-content\/uploads\/2026\/01\/BADGE-150x150.png 150w\" sizes=\"(max-width: 500px) 100vw, 500px\" \/>\t\t\t\t\t\t\t\t\t\t\t\t\t\t\t<\/div>\n\t\t\t\t<div class=\"elementor-element elementor-element-9189b66 elementor-widget-mobile__width-inherit elementor-widget elementor-widget-heading\" data-id=\"9189b66\" data-element_type=\"widget\" data-widget_type=\"heading.default\">\n\t\t\t\t\t<h2 class=\"elementor-heading-title elementor-size-default\">Meine Prozessregeln<\/h2>\t\t\t\t<\/div>\n\t\t\t\t<div class=\"elementor-element elementor-element-54bb0a5 elementor-widget-mobile__width-inherit elementor-widget elementor-widget-text-editor\" data-id=\"54bb0a5\" data-element_type=\"widget\" data-widget_type=\"text-editor.default\">\n\t\t\t\t\t\t\t\t\t<ul><li>Keine schmutzigen Schw\u00e4mme und kein \u201eein Eimer f\u00fcr alles\u201c<\/li><li>Separate Werkzeuge f\u00fcr Felgen, um Kratzer durch Bremsstaub zu vermeiden<\/li><li>Zuerst sanfte Technik, um Swirls zu reduzieren<\/li><li>Sorgf\u00e4ltiges Trocknen, um Wasserflecken zu vermeiden<\/li><\/ul>\t\t\t\t\t\t\t\t<\/div>\n\t\t\t\t<\/div>\n\t\t<div class=\"elementor-element elementor-element-27f5027 e-con-full e-flex e-con e-child\" data-id=\"27f5027\" data-element_type=\"container\" data-settings=\"{&quot;background_background&quot;:&quot;classic&quot;}\">\n\t\t\t\t<div class=\"elementor-element elementor-element-86f4c40 elementor-widget-mobile__width-inherit elementor-widget elementor-widget-heading\" data-id=\"86f4c40\" data-element_type=\"widget\" data-widget_type=\"heading.default\">\n\t\t\t\t\t<h2 class=\"elementor-heading-title elementor-size-default\">Produkte &amp; Materialien<\/h2>\t\t\t\t<\/div>\n\t\t\t\t<div class=\"elementor-element elementor-element-d163b0e elementor-widget-mobile__width-inherit elementor-widget elementor-widget-text-editor\" data-id=\"d163b0e\" data-element_type=\"widget\" data-widget_type=\"text-editor.default\">\n\t\t\t\t\t\t\t\t\t<ul><li>Insektenentferner zur schonenden Entfernung von Insektenresten und Stra\u00dfenr\u00fcckst\u00e4nden<\/li><li>Koch Chemie Vorw\u00e4sche Schaum, um Schmutz vor der Kontaktw\u00e4sche zu l\u00f6sen<\/li><li>Koch Chemie Snow Schaum f\u00fcr eine effektive und lackschonende Handw\u00e4sche-Reinigung<\/li><li>Hochwertige Mikrofaser-T\u00fccher und Waschhandschuhe, um das Risiko von Wirbelspuren zu minimieren<\/li><li>Wachs-Versiegelung f\u00fcr zus\u00e4tzlichen Glanz und kurzfristigen Lackschutz<\/li><\/ul>\t\t\t\t\t\t\t\t<\/div>\n\t\t\t\t<\/div>\n\t\t\t\t<\/div>\n\t\t\t\t<\/div>\n\t\t\t\t\t<\/div>\n\t\t\t\t<\/div>\n\t\t<div class=\"elementor-element elementor-element-7d20530 e-flex e-con-boxed e-con e-parent\" data-id=\"7d20530\" data-element_type=\"container\">\n\t\t\t\t\t<div class=\"e-con-inner\">\n\t\t<div class=\"elementor-element elementor-element-415f3ce e-con-full e-flex e-con e-child\" data-id=\"415f3ce\" data-element_type=\"container\">\n\t\t\t\t<div class=\"elementor-element elementor-element-b6aad11 elementor-widget elementor-widget-heading\" data-id=\"b6aad11\" data-element_type=\"widget\" data-widget_type=\"heading.default\">\n\t\t\t\t\t<h2 class=\"elementor-heading-title elementor-size-default\">Innenraum<\/h2>\t\t\t\t<\/div>\n\t\t\t\t<div class=\"elementor-element elementor-element-03f483e elementor-widget elementor-widget-text-editor\" data-id=\"03f483e\" data-element_type=\"widget\" data-widget_type=\"text-editor.default\">\n\t\t\t\t\t\t\t\t\t<p>Gr\u00fcndliche Reinigung von Sitzen, Teppichen, Kunststoffen und L\u00fcftungsd\u00fcsen \u2013 Entfernung von Staub, Flecken und Ger\u00fcchen, damit sich der Innenraum wieder frisch, hygienisch und komfortabel anf\u00fchlt.<\/p>\t\t\t\t\t\t\t\t<\/div>\n\t\t<div class=\"elementor-element elementor-element-663bb9a e-con-full e-flex e-con e-child\" data-id=\"663bb9a\" data-element_type=\"container\">\n\t\t<div class=\"elementor-element elementor-element-a178f78 e-con-full e-flex e-con e-child\" data-id=\"a178f78\" data-element_type=\"container\" data-settings=\"{&quot;background_background&quot;:&quot;classic&quot;}\">\n\t\t\t\t<div class=\"elementor-element elementor-element-c7f6140 elementor-widget-mobile__width-inherit elementor-widget elementor-widget-heading\" data-id=\"c7f6140\" data-element_type=\"widget\" data-widget_type=\"heading.default\">\n\t\t\t\t\t<h2 class=\"elementor-heading-title elementor-size-default\">Was ist enthalten<\/h2>\t\t\t\t<\/div>\n\t\t\t\t<div class=\"elementor-element elementor-element-c48bab4 elementor-widget-mobile__width-inherit elementor-widget elementor-widget-text-editor\" data-id=\"c48bab4\" data-element_type=\"widget\" data-widget_type=\"text-editor.default\">\n\t\t\t\t\t\t\t\t\t<ul><li>Gr\u00fcndliche Reinigung von Sitzen, Teppichen, Kunststoffen und L\u00fcftungsd\u00fcsen \u2013 Entfernung von Staub, Flecken und Ger\u00fcchen, damit sich der Innenraum wieder frisch, hygienisch und komfortabel anf\u00fchlt.<\/li><li>Staubsaugen: Sitze, Teppiche, Fu\u00dfr\u00e4ume, Matten und schwer erreichbare Bereiche, um losen Schmutz und Staub zu entfernen<\/li><li>Teppichreinigung: Teppiche werden eingesch\u00e4umt, eingearbeitet und gr\u00fcndlich gereinigt<\/li><li>Oberfl\u00e4chenreinigung: Armaturenbrett, Mittelkonsole, T\u00fcrverkleidungen, Lenkrad und Zierleisten mit innenraumgeeigneten Produkten gereinigt<\/li><li>Detailarbeit: L\u00fcftungsd\u00fcsen, Tasten, N\u00e4hte, Becherhalter, T\u00fcrf\u00e4cher und kleine Spalten<\/li><li>Sitzpflege: Stoff- oder Ledersitze werden je nach Zustand und gew\u00fcnschtem Ergebnis gewaschen, gereinigt und behandelt<\/li><li>Innenraumglas: streifenfrei gereinigt f\u00fcr klare Sicht<\/li><li>Dampfreinigung: bei Bedarf, um Schmutz sicher zu l\u00f6sen, Oberfl\u00e4chen zu desinfizieren und enge Stellen zu erreichen<\/li><li>Abschlusskontrolle: Abwischen der Kontaktfl\u00e4chen und Gesamtfinish f\u00fcr ein sauberes, ruhiges Innenraumgef\u00fchl<\/li><li><em>*Ozonbehandlung \u2013 demn\u00e4chst verf\u00fcgbar<\/em><\/li><\/ul>\t\t\t\t\t\t\t\t<\/div>\n\t\t\t\t<\/div>\n\t\t<div class=\"elementor-element elementor-element-8f1cbb1 e-con-full e-flex e-con e-child\" data-id=\"8f1cbb1\" data-element_type=\"container\" data-settings=\"{&quot;background_background&quot;:&quot;classic&quot;}\">\n\t\t\t\t<div class=\"elementor-element elementor-element-8692719 elementor-widget elementor-widget-image\" data-id=\"8692719\" data-element_type=\"widget\" data-widget_type=\"image.default\">\n\t\t\t\t\t\t\t\t\t\t\t\t\t\t\t<img fetchpriority=\"high\" decoding=\"async\" width=\"500\" height=\"500\" src=\"https:\/\/carefresh.at\/wp-content\/uploads\/2026\/01\/BADGE.png\" class=\"attachment-large size-large wp-image-416\" alt=\"\" srcset=\"https:\/\/carefresh.at\/wp-content\/uploads\/2026\/01\/BADGE.png 500w, https:\/\/carefresh.at\/wp-content\/uploads\/2026\/01\/BADGE-300x300.png 300w, https:\/\/carefresh.at\/wp-content\/uploads\/2026\/01\/BADGE-150x150.png 150w\" sizes=\"(max-width: 500px) 100vw, 500px\" \/>\t\t\t\t\t\t\t\t\t\t\t\t\t\t\t<\/div>\n\t\t\t\t<div class=\"elementor-element elementor-element-5d2e18a elementor-widget-mobile__width-inherit elementor-widget elementor-widget-heading\" data-id=\"5d2e18a\" data-element_type=\"widget\" data-widget_type=\"heading.default\">\n\t\t\t\t\t<h2 class=\"elementor-heading-title elementor-size-default\">Meine Prozessregeln<\/h2>\t\t\t\t<\/div>\n\t\t\t\t<div class=\"elementor-element elementor-element-1d982b8 elementor-widget-mobile__width-inherit elementor-widget elementor-widget-text-editor\" data-id=\"1d982b8\" data-element_type=\"widget\" data-widget_type=\"text-editor.default\">\n\t\t\t\t\t\t\t\t\t<ul><li>Keine aggressiven Chemikalien, die Materialien austrocknen oder besch\u00e4digen<\/li><li>Kein Durchn\u00e4ssen von Elektronik oder empfindlichen Bereichen<\/li><li>Sauberes, nat\u00fcrliches Finish \u2013 nicht gl\u00e4nzend oder rutschig<\/li><\/ul>\t\t\t\t\t\t\t\t<\/div>\n\t\t\t\t<\/div>\n\t\t<div class=\"elementor-element elementor-element-b58931e e-con-full e-flex e-con e-child\" data-id=\"b58931e\" data-element_type=\"container\" data-settings=\"{&quot;background_background&quot;:&quot;classic&quot;}\">\n\t\t\t\t<div class=\"elementor-element elementor-element-1b88b56 elementor-widget-mobile__width-inherit elementor-widget elementor-widget-heading\" data-id=\"1b88b56\" data-element_type=\"widget\" data-widget_type=\"heading.default\">\n\t\t\t\t\t<h2 class=\"elementor-heading-title elementor-size-default\">Produkte &amp; Materialien<\/h2>\t\t\t\t<\/div>\n\t\t\t\t<div class=\"elementor-element elementor-element-8ef6fe4 elementor-widget-mobile__width-inherit elementor-widget elementor-widget-text-editor\" data-id=\"8ef6fe4\" data-element_type=\"widget\" data-widget_type=\"text-editor.default\">\n\t\t\t\t\t\t\t\t\t<ul><li>Innenraumreiniger, die f\u00fcr Kunststoffe geeignet sind<\/li><li>Teppich-Booster, der die Teppiche auflockert<\/li><li>Weiche B\u00fcrsten &amp; Mikrofaser-T\u00fccher f\u00fcr empfindliche Oberfl\u00e4chen<\/li><li>Hochwertiger Glasreiniger f\u00fcr fleckenfreies Glas<\/li><li>Spezieller Lederreiniger, mit einer B\u00fcrste eingearbeitet<\/li><\/ul>\t\t\t\t\t\t\t\t<\/div>\n\t\t\t\t<\/div>\n\t\t\t\t<\/div>\n\t\t\t\t<\/div>\n\t\t\t\t\t<\/div>\n\t\t\t\t<\/div>\n\t\t<div class=\"elementor-element elementor-element-5b58cea e-flex e-con-boxed e-con e-parent\" data-id=\"5b58cea\" data-element_type=\"container\">\n\t\t\t\t\t<div class=\"e-con-inner\">\n\t\t<div class=\"elementor-element elementor-element-86f0fd5 e-con-full e-flex e-con e-child\" data-id=\"86f0fd5\" data-element_type=\"container\">\n\t\t\t\t<div class=\"elementor-element elementor-element-db92320 elementor-widget elementor-widget-heading\" data-id=\"db92320\" data-element_type=\"widget\" data-widget_type=\"heading.default\">\n\t\t\t\t\t<h2 class=\"elementor-heading-title elementor-size-default\">Politur<\/h2>\t\t\t\t<\/div>\n\t\t\t\t<div class=\"elementor-element elementor-element-bd11d3c elementor-widget elementor-widget-text-editor\" data-id=\"bd11d3c\" data-element_type=\"widget\" data-widget_type=\"text-editor.default\">\n\t\t\t\t\t\t\t\t\t<p>Professionelle Maschinenpolitur, die Swirls, leichte Kratzer und Oxidation entfernt und dem Lack wieder Tiefe, Klarheit und Glanz verleiht.<\/p>\t\t\t\t\t\t\t\t<\/div>\n\t\t<div class=\"elementor-element elementor-element-c3a99d4 e-con-full e-flex e-con e-child\" data-id=\"c3a99d4\" data-element_type=\"container\">\n\t\t<div class=\"elementor-element elementor-element-6ed7862 e-con-full e-flex e-con e-child\" data-id=\"6ed7862\" data-element_type=\"container\" data-settings=\"{&quot;background_background&quot;:&quot;classic&quot;}\">\n\t\t\t\t<div class=\"elementor-element elementor-element-fc1b36a elementor-widget-mobile__width-inherit elementor-widget elementor-widget-heading\" data-id=\"fc1b36a\" data-element_type=\"widget\" data-widget_type=\"heading.default\">\n\t\t\t\t\t<h2 class=\"elementor-heading-title elementor-size-default\">Was ist enthalten<\/h2>\t\t\t\t<\/div>\n\t\t\t\t<div class=\"elementor-element elementor-element-2d86657 elementor-widget-mobile__width-inherit elementor-widget elementor-widget-text-editor\" data-id=\"2d86657\" data-element_type=\"widget\" data-widget_type=\"text-editor.default\">\n\t\t\t\t\t\t\t\t\t<ul><li>Lackinspektion: Bewertung von Lackzustand und Gebrauchsspuren<\/li><li>Schonende W\u00e4sche &amp; Vorbereitung: Oberfl\u00e4che wird mit Schaum und Wasser gereinigt<\/li><li>Clay-Bar-Behandlung: entfernt gebundene Verunreinigungen vom Lack und hinterl\u00e4sst die Oberfl\u00e4che glatt und bereit f\u00fcr Politur oder Schutz<\/li><li>Sorgf\u00e4ltige Technik: kontrollierte Durchg\u00e4nge, passende Pads und geeignete Politur f\u00fcr den Lacktyp<\/li><li>Lackkorrektur: verf\u00fcgbar in leichter, mittlerer und intensiver Ausf\u00fchrung, abh\u00e4ngig vom Lackzustand und dem gew\u00fcnschten Ergebnis<\/li><li>Panel Wipe &amp; Kontrolle: sorgt f\u00fcr gleichm\u00e4\u00dfige Ergebnisse und ein sauberes Finish<\/li><li>* Keramikbeschichtung Services \u2013 demn\u00e4chst verf\u00fcgbar<\/li><\/ul>\t\t\t\t\t\t\t\t<\/div>\n\t\t\t\t<\/div>\n\t\t<div class=\"elementor-element elementor-element-da4a961 e-con-full e-flex e-con e-child\" data-id=\"da4a961\" data-element_type=\"container\" data-settings=\"{&quot;background_background&quot;:&quot;classic&quot;}\">\n\t\t\t\t<div class=\"elementor-element elementor-element-222805a elementor-widget elementor-widget-image\" data-id=\"222805a\" data-element_type=\"widget\" data-widget_type=\"image.default\">\n\t\t\t\t\t\t\t\t\t\t\t\t\t\t\t<img fetchpriority=\"high\" decoding=\"async\" width=\"500\" height=\"500\" src=\"https:\/\/carefresh.at\/wp-content\/uploads\/2026\/01\/BADGE.png\" class=\"attachment-large size-large wp-image-416\" alt=\"\" srcset=\"https:\/\/carefresh.at\/wp-content\/uploads\/2026\/01\/BADGE.png 500w, https:\/\/carefresh.at\/wp-content\/uploads\/2026\/01\/BADGE-300x300.png 300w, https:\/\/carefresh.at\/wp-content\/uploads\/2026\/01\/BADGE-150x150.png 150w\" sizes=\"(max-width: 500px) 100vw, 500px\" \/>\t\t\t\t\t\t\t\t\t\t\t\t\t\t\t<\/div>\n\t\t\t\t<div class=\"elementor-element elementor-element-dd776e4 elementor-widget-mobile__width-inherit elementor-widget elementor-widget-heading\" data-id=\"dd776e4\" data-element_type=\"widget\" data-widget_type=\"heading.default\">\n\t\t\t\t\t<h2 class=\"elementor-heading-title elementor-size-default\">Meine Prozessregeln<\/h2>\t\t\t\t<\/div>\n\t\t\t\t<div class=\"elementor-element elementor-element-6f122b2 elementor-widget-mobile__width-inherit elementor-widget elementor-widget-text-editor\" data-id=\"6f122b2\" data-element_type=\"widget\" data-widget_type=\"text-editor.default\">\n\t\t\t\t\t\t\t\t\t<ul><li>Keine aggressive Lackkorrektur<\/li><li>Die Lackst\u00e4rke wird stets respektiert und erhalten<\/li><li>Fokus auf sichtbare Verbesserung, nicht auf unrealistische Versprechen<\/li><\/ul>\t\t\t\t\t\t\t\t<\/div>\n\t\t\t\t<\/div>\n\t\t<div class=\"elementor-element elementor-element-15e4374 e-con-full e-flex e-con e-child\" data-id=\"15e4374\" data-element_type=\"container\" data-settings=\"{&quot;background_background&quot;:&quot;classic&quot;}\">\n\t\t\t\t<div class=\"elementor-element elementor-element-926077d elementor-widget-mobile__width-inherit elementor-widget elementor-widget-heading\" data-id=\"926077d\" data-element_type=\"widget\" data-widget_type=\"heading.default\">\n\t\t\t\t\t<h2 class=\"elementor-heading-title elementor-size-default\">Produkte &amp; Materialien<\/h2>\t\t\t\t<\/div>\n\t\t\t\t<div class=\"elementor-element elementor-element-b6346e6 elementor-widget-mobile__width-inherit elementor-widget elementor-widget-text-editor\" data-id=\"b6346e6\" data-element_type=\"widget\" data-widget_type=\"text-editor.default\">\n\t\t\t\t\t\t\t\t\t<ul><li>Passende Pads, abgestimmt auf den Lackzustand<\/li><li>Lackschonende Maschinen mit kontrollierten Drehzahlen<\/li><li>Hochwertige Mikrofaser-T\u00fccher<\/li><li>Clay Bar zur lackschonenden Dekontamination<\/li><\/ul>\t\t\t\t\t\t\t\t<\/div>\n\t\t\t\t<\/div>\n\t\t\t\t<\/div>\n\t\t\t\t<\/div>\n\t\t\t\t\t<\/div>\n\t\t\t\t<\/div>\n\t\t<div class=\"elementor-element elementor-element-55f551f e-flex e-con-boxed e-con e-parent\" data-id=\"55f551f\" data-element_type=\"container\" data-settings=\"{&quot;background_background&quot;:&quot;classic&quot;}\">\n\t\t\t\t\t<div class=\"e-con-inner\">\n\t\t\t\t<div class=\"elementor-element elementor-element-ffdb207 elementor-widget elementor-widget-heading\" data-id=\"ffdb207\" data-element_type=\"widget\" data-widget_type=\"heading.default\">\n\t\t\t\t\t<h2 class=\"elementor-heading-title elementor-size-default\">Haben Sie Fragen? <br>\nMelden Sie sich gerne.<\/h2>\t\t\t\t<\/div>\n\t\t\t\t<div class=\"elementor-element elementor-element-9802b46 elementor-widget elementor-widget-button\" data-id=\"9802b46\" data-element_type=\"widget\" data-widget_type=\"button.default\">\n\t\t\t\t\t\t\t\t\t\t<a class=\"elementor-button elementor-button-link elementor-size-sm\" href=\"\/de\/kontakt\/\">\n\t\t\t\t\t\t<span class=\"elementor-button-content-wrapper\">\n\t\t\t\t\t\t\t\t\t<span class=\"elementor-button-text\">Kontakt<\/span>\n\t\t\t\t\t<\/span>\n\t\t\t\t\t<\/a>\n\t\t\t\t\t\t\t\t<\/div>\n\t\t\t\t\t<\/div>\n\t\t\t\t<\/div>\n\t\t\t\t<\/div>","protected":false},"excerpt":{"rendered":"<p>Services Prices Exterior Professional hand wash that safely removes dirt, road film, and salt while protecting your paint, wheels, and trim for a clean, glossy finish. What\u2019s included Pre-check &amp; setup: quick walk-around for heavy dirt, tar, bugs, sensitive areas, and existing scratches Pre-soak \/ snow foam: loosens road film to reduce rubbing and swirl [&hellip;]<\/p>","protected":false},"author":1,"featured_media":0,"parent":0,"menu_order":0,"comment_status":"closed","ping_status":"closed","template":"","meta":{"footnotes":""},"class_list":["post-370","page","type-page","status-publish","hentry"],"_links":{"self":[{"href":"https:\/\/carefresh.at\/de\/wp-json\/wp\/v2\/pages\/370","targetHints":{"allow":["GET"]}}],"collection":[{"href":"https:\/\/carefresh.at\/de\/wp-json\/wp\/v2\/pages"}],"about":[{"href":"https:\/\/carefresh.at\/de\/wp-json\/wp\/v2\/types\/page"}],"author":[{"embeddable":true,"href":"https:\/\/carefresh.at\/de\/wp-json\/wp\/v2\/users\/1"}],"replies":[{"embeddable":true,"href":"https:\/\/carefresh.at\/de\/wp-json\/wp\/v2\/comments?post=370"}],"version-history":[{"count":71,"href":"https:\/\/carefresh.at\/de\/wp-json\/wp\/v2\/pages\/370\/revisions"}],"predecessor-version":[{"id":1223,"href":"https:\/\/carefresh.at\/de\/wp-json\/wp\/v2\/pages\/370\/revisions\/1223"}],"wp:attachment":[{"href":"https:\/\/carefresh.at\/de\/wp-json\/wp\/v2\/media?parent=370"}],"curies":[{"name":"wp","href":"https:\/\/api.w.org\/{rel}","templated":true}]}}