{"id":306,"date":"2026-01-08T21:43:35","date_gmt":"2026-01-08T21:43:35","guid":{"rendered":"https:\/\/carefresh.at\/?page_id=306"},"modified":"2026-01-11T19:18:43","modified_gmt":"2026-01-11T19:18:43","slug":"impressum","status":"publish","type":"page","link":"https:\/\/carefresh.at\/de\/impressum\/","title":{"rendered":"Impressum"},"content":{"rendered":"<div data-elementor-type=\"wp-page\" data-elementor-id=\"306\" class=\"elementor elementor-306\" data-elementor-post-type=\"page\">\n\t\t\t\t<div class=\"elementor-element elementor-element-8adbaee e-flex e-con-boxed e-con e-parent\" data-id=\"8adbaee\" data-element_type=\"container\">\n\t\t\t\t\t<div class=\"e-con-inner\">\n\t\t\t\t<div class=\"elementor-element elementor-element-a65ff0b elementor-widget elementor-widget-heading\" data-id=\"a65ff0b\" data-element_type=\"widget\" data-widget_type=\"heading.default\">\n\t\t\t\t\t<h2 class=\"elementor-heading-title elementor-size-default\">Impressum<\/h2>\t\t\t\t<\/div>\n\t\t\t\t<div class=\"elementor-element elementor-element-b7d30e5 elementor-widget elementor-widget-text-editor\" data-id=\"b7d30e5\" data-element_type=\"widget\" data-widget_type=\"text-editor.default\">\n\t\t\t\t\t\t\t\t\t<p>Informationen \u00fcber den Diensteanbieter.<\/p><p><strong>Zakis Autoreinigung<\/strong><\/p><p>Zlatin Antonov<\/p><p>Sch\u00f6pfergasse 4, T\u00fcr 2,<br \/>1120 Wien,<br \/>\u00d6sterreich<\/p><p><strong>Tel.:<\/strong>\u00a0+43 660 8096151<br \/><strong>E-Mail:<\/strong>\u00a0<a href=\"mailto:contact@carefresh.at\">contact@carefresh.at<\/a><\/p><p><strong>Unternehmensgegenstand:<\/strong>\u00a0Fahrzeugaufbereitung und Autoreinigung (mobiler Reinigungsservice)<br \/><strong>UID-Nummer:<\/strong>\u00a0ATU12345678<br \/><strong>GLN (Global Location Number):<\/strong>\u00a01234567891234<br \/><strong>GISA (Gewerbeinformationssystem Austria):<\/strong>\u00a0GFW1-G-251083\/001<br \/><strong>Mitglied bei:<\/strong>\u00a0WKO Nieder\u00f6sterreich<br \/><strong>Berufsrecht:<\/strong>\u00a0Gewerbeordnung (GewO)<\/p><p><strong>Aufsichtsbeh\u00f6rde:<\/strong><br \/>Bezirkshauptmannschaft des Anmeldungsbezirks in Nieder\u00f6sterreich<br \/>Aufsichtsbeh\u00f6rde:<br \/>Amt der N\u00d6 Landesregierung<br \/>Landhausplatz 1<br \/>3109 St. P\u00f6lten<br \/>\u00d6sterreich<br \/><strong>Webseite:<\/strong>\u00a0<a href=\"https:\/\/www.noe.gv.at\/\" target=\"_blank\" rel=\"noopener\">https:\/\/www.noe.gv.at<\/a><\/p><p><strong>Berufsbezeichnung:<\/strong>\u00a0Fahrzeugaufbereiter<br \/><strong>Verleihungsstaat:<\/strong>\u00a0\u00d6sterreich<\/p><p><strong>Datenschutz Verantwortlicher<\/strong><br \/>Zlatin Antonov<br \/>Sch\u00f6pfergasse 4\/2, 1120, Wien<br \/>\u00d6sterreich<br \/><strong>E-Mail:<\/strong>\u00a0<a href=\"mailto:contact@carefresh.at\">contact@carefresh.at<\/a><br \/><strong>Tel.:<\/strong>\u00a0+43 660 8096151<br \/><strong>Impressum:<\/strong>\u00a0Siehe Impressum dieser Website<br \/><strong>Vertretungsberechtigter:<\/strong>\u00a0Markus Mustermann<\/p><p><strong>Bildernachweis<\/strong><\/p><p>Die Bilder, Fotos und Grafiken auf dieser Webseite sind urheberrechtlich gesch\u00fctzt.<\/p><p><strong>Die Bilderrechte liegen bei:<\/strong><br \/>Zaki\u2019s Autoreinigung (Zlatin Antonov)<\/p><p>Alle Texte sind urheberrechtlich gesch\u00fctzt.<\/p><p>Quelle: Erstellt mit dem\u00a0<a href=\"https:\/\/www.adsimple.at\/impressum-generator\/\" target=\"_blank\" rel=\"noopener\">Impressum Generator<\/a>\u00a0von AdSimple<\/p>\t\t\t\t\t\t\t\t<\/div>\n\t\t\t\t\t<\/div>\n\t\t\t\t<\/div>\n\t\t\t\t<\/div>","protected":false},"excerpt":{"rendered":"<p>Impressum Informationen \u00fcber den Diensteanbieter. Zakis Autoreinigung Zlatin Antonov Sch\u00f6pfergasse 4, T\u00fcr 2,1120 Wien,\u00d6sterreich Tel.:\u00a0+43 660 8096151E-Mail:\u00a0contact@carefresh.at Unternehmensgegenstand:\u00a0Fahrzeugaufbereitung und Autoreinigung (mobiler Reinigungsservice)UID-Nummer:\u00a0ATU12345678GLN (Global Location Number):\u00a01234567891234GISA (Gewerbeinformationssystem Austria):\u00a0GFW1-G-251083\/001Mitglied bei:\u00a0WKO Nieder\u00f6sterreichBerufsrecht:\u00a0Gewerbeordnung (GewO) Aufsichtsbeh\u00f6rde:Bezirkshauptmannschaft des Anmeldungsbezirks in Nieder\u00f6sterreichAufsichtsbeh\u00f6rde:Amt der N\u00d6 LandesregierungLandhausplatz 13109 St. P\u00f6lten\u00d6sterreichWebseite:\u00a0https:\/\/www.noe.gv.at Berufsbezeichnung:\u00a0FahrzeugaufbereiterVerleihungsstaat:\u00a0\u00d6sterreich Datenschutz VerantwortlicherZlatin AntonovSch\u00f6pfergasse 4\/2, 1120, Wien\u00d6sterreichE-Mail:\u00a0contact@carefresh.atTel.:\u00a0+43 660 8096151Impressum:\u00a0Siehe Impressum dieser WebsiteVertretungsberechtigter:\u00a0Markus Mustermann Bildernachweis [&hellip;]<\/p>","protected":false},"author":1,"featured_media":0,"parent":0,"menu_order":0,"comment_status":"closed","ping_status":"closed","template":"","meta":{"footnotes":""},"class_list":["post-306","page","type-page","status-publish","hentry"],"_links":{"self":[{"href":"https:\/\/carefresh.at\/de\/wp-json\/wp\/v2\/pages\/306","targetHints":{"allow":["GET"]}}],"collection":[{"href":"https:\/\/carefresh.at\/de\/wp-json\/wp\/v2\/pages"}],"about":[{"href":"https:\/\/carefresh.at\/de\/wp-json\/wp\/v2\/types\/page"}],"author":[{"embeddable":true,"href":"https:\/\/carefresh.at\/de\/wp-json\/wp\/v2\/users\/1"}],"replies":[{"embeddable":true,"href":"https:\/\/carefresh.at\/de\/wp-json\/wp\/v2\/comments?post=306"}],"version-history":[{"count":13,"href":"https:\/\/carefresh.at\/de\/wp-json\/wp\/v2\/pages\/306\/revisions"}],"predecessor-version":[{"id":368,"href":"https:\/\/carefresh.at\/de\/wp-json\/wp\/v2\/pages\/306\/revisions\/368"}],"wp:attachment":[{"href":"https:\/\/carefresh.at\/de\/wp-json\/wp\/v2\/media?parent=306"}],"curies":[{"name":"wp","href":"https:\/\/api.w.org\/{rel}","templated":true}]}}